{"id":248,"date":"2025-06-30T06:23:15","date_gmt":"2025-06-30T06:23:15","guid":{"rendered":"https:\/\/us03.qunmail.com\/product\/wall-hanging-cabinet\/"},"modified":"2025-09-11T07:49:03","modified_gmt":"2025-09-11T07:49:03","slug":"%e7%a1%85%e8%83%b6%e2%be%af%e8%86%9c%e5%88%b7%e6%95%a3%e7%b2%89%e7%9c%bc%e5%bd%b1%e6%99%95%e6%9f%93%e5%88%b7","status":"publish","type":"product","link":"https:\/\/www.oem-silicone.com\/es\/product\/brocha-de-silicona-para-mascarillas-polvos-sueltos-sombra-de-ojos-brocha-para-difuminar\/","title":{"rendered":"Brocha de silicona para mascarillas Polvos sueltos Sombra de ojos Brocha para difuminar"},"content":{"rendered":"<pre>- Protecci\u00f3n de precisi\u00f3n, estable y fiable\r\nEstamos especializados en el desarrollo y la producci\u00f3n de varios tipos de juntas t\u00f3ricas de sellado de precisi\u00f3n para garantizar que nuestros productos mantengan un excelente rendimiento de estanqueidad, resistencia al polvo y sellado en entornos extremos.\r\n\r\n- M\u00e1s de 2000 especificaciones de moldes\r\nDisponemos de m\u00e1s de 2000 especificaciones de moldes que abarcan silicona, caucho, caucho fluorado y otros materiales para satisfacer las necesidades diversificadas de diversas industrias, como relojes, instrumentos electr\u00f3nicos y medidores.\r\n\r\n- Aplicaci\u00f3n en la industria de alta precisi\u00f3n\r\nAmpliamente utilizada en la industria relojera, instrumentos electr\u00f3nicos de precisi\u00f3n, equipos m\u00e9dicos, sistemas de control industrial y otros campos, cada junta t\u00f3rica garantiza la seguridad y estabilidad de los componentes clave.\r\n\r\n- Excelente selecci\u00f3n de materiales y rendimiento\r\n- Silicona: resistencia a altas y bajas temperaturas, gran flexibilidad.\r\n- Caucho: coste moderado, amplia gama de adaptabilidad.\r\n- Fluorocarbono: resistente a la corrosi\u00f3n y a los productos qu\u00edmicos.\r\nProporcionamos las soluciones de material m\u00e1s adecuadas para diferentes escenarios.\r\n\r\n<\/pre>","protected":false},"excerpt":{"rendered":"<p>Estamos especializados en el desarrollo y la producci\u00f3n de juntas t\u00f3ricas de estanquidad de precisi\u00f3n para garantizar que nuestros productos mantengan un excelente rendimiento de estanquidad, impermeabilidad al polvo y sellado en entornos extremos.<\/p>","protected":false},"featured_media":2037,"template":"","meta":{"_seopress_robots_primary_cat":"","_seopress_titles_title":"","_seopress_titles_desc":"","_seopress_robots_index":"","_uag_custom_page_level_css":"","site-sidebar-layout":"default","site-content-layout":"default","ast-site-content-layout":"default","site-content-style":"default","site-sidebar-style":"default","ast-global-header-display":"","ast-banner-title-visibility":"","ast-main-header-display":"","ast-hfb-above-header-display":"","ast-hfb-below-header-display":"","ast-hfb-mobile-header-display":"","site-post-title":"","ast-breadcrumbs-content":"","ast-featured-img":"","footer-sml-layout":"","ast-disable-related-posts":"","theme-transparent-header-meta":"default","adv-header-id-meta":"","stick-header-meta":"default","header-above-stick-meta":"","header-main-stick-meta":"","header-below-stick-meta":"","astra-migrate-meta-layouts":"set","ast-page-background-enabled":"default","ast-page-background-meta":{"desktop":{"background-color":"","background-image":"","background-repeat":"repeat","background-position":"center center","background-size":"auto","background-attachment":"scroll","background-type":"","background-media":"","overlay-type":"","overlay-color":"","overlay-opacity":"","overlay-gradient":""},"tablet":{"background-color":"","background-image":"","background-repeat":"repeat","background-position":"center center","background-size":"auto","background-attachment":"scroll","background-type":"","background-media":"","overlay-type":"","overlay-color":"","overlay-opacity":"","overlay-gradient":""},"mobile":{"background-color":"","background-image":"","background-repeat":"repeat","background-position":"center center","background-size":"auto","background-attachment":"scroll","background-type":"","background-media":"","overlay-type":"","overlay-color":"","overlay-opacity":"","overlay-gradient":""}},"ast-content-background-meta":{"desktop":{"background-color":"var(--ast-global-color-5)","background-image":"","background-repeat":"repeat","background-position":"center center","background-size":"auto","background-attachment":"scroll","background-type":"","background-media":"","overlay-type":"","overlay-color":"","overlay-opacity":"","overlay-gradient":""},"tablet":{"background-color":"var(--ast-global-color-5)","background-image":"","background-repeat":"repeat","background-position":"center center","background-size":"auto","background-attachment":"scroll","background-type":"","background-media":"","overlay-type":"","overlay-color":"","overlay-opacity":"","overlay-gradient":""},"mobile":{"background-color":"var(--ast-global-color-5)","background-image":"","background-repeat":"repeat","background-position":"center center","background-size":"auto","background-attachment":"scroll","background-type":"","background-media":"","overlay-type":"","overlay-color":"","overlay-opacity":"","overlay-gradient":""}},"iawp_total_views":3},"product_brand":[],"product_cat":[45],"product_tag":[],"class_list":{"0":"post-248","1":"product","2":"type-product","3":"status-publish","4":"has-post-thumbnail","6":"product_cat-silicone-diaphragm","7":"desktop-align-center","8":"tablet-align-center","9":"mobile-align-center","10":"ast-product-gallery-layout-horizontal","11":"ast-product-gallery-with-no-image","12":"ast-product-tabs-layout-horizontal","14":"first","15":"instock","16":"shipping-taxable","17":"product-type-simple"},"spectra_custom_meta":{"_thumbnail_id":["2037"],"_tax_status":["taxable"],"_manage_stock":["no"],"_backorders":["no"],"_sold_individually":["no"],"_virtual":["no"],"_downloadable":["no"],"_download_limit":["-1"],"_download_expiry":["-1"],"_stock_status":["instock"],"_product_version":["10.1.2"],"_price":[""],"_yoast_wpseo_primary_product_cat":["30"],"site-sidebar-layout":["default"],"site-content-layout":["default"],"theme-transparent-header-meta":["default"],"_yoast_wpseo_content_score":["90"],"_wp_old_slug":["wooden-wall-cabinet","wall-hanging-cabinet__trashed","wall-hanging-cabinet"],"_elementor_edit_mode":["builder"],"_elementor_template_type":["wp-post"],"_elementor_version":["3.6.8"],"_wp_page_template":["default"],"_elementor_data":["[{\"id\":\"71a2896\",\"elType\":\"section\",\"settings\":{\"gap\":\"no\"},\"elements\":[{\"id\":\"9af4e27\",\"elType\":\"column\",\"settings\":{\"_column_size\":100,\"_inline_size\":null},\"elements\":[{\"id\":\"e2efde1\",\"elType\":\"section\",\"settings\":{\"gap\":\"no\",\"structure\":\"20\",\"__globals__\":{\"background_color\":\"globals\/colors?id=astglobalcolor4\"},\"reverse_order_mobile\":\"reverse-mobile\"},\"elements\":[{\"id\":\"45604a7\",\"elType\":\"column\",\"settings\":{\"_column_size\":50,\"_inline_size\":null,\"background_background\":\"classic\",\"background_image\":{\"url\":\"https:\/\/websitedemos.net\/furniture-shop-04\/wp-content\/uploads\/sites\/1116\/2022\/07\/bg-04.jpg\",\"id\":605,\"alt\":\"\",\"source\":\"library\"},\"background_position\":\"center center\",\"background_attachment\":\"scroll\",\"background_repeat\":\"no-repeat\",\"background_size\":\"cover\",\"margin_tablet\":{\"unit\":\"px\",\"top\":\"0\",\"right\":\"0\",\"bottom\":\"0\",\"left\":\"0\",\"isLinked\":true},\"z_index\":0},\"elements\":[{\"id\":\"6c26ab9\",\"elType\":\"widget\",\"settings\":{\"space\":{\"unit\":\"px\",\"size\":\"\",\"sizes\":[]},\"space_mobile\":{\"unit\":\"px\",\"size\":250,\"sizes\":[]}},\"elements\":[],\"widgetType\":\"spacer\"}],\"isInner\":true},{\"id\":\"84ced35\",\"elType\":\"column\",\"settings\":{\"_column_size\":50,\"_inline_size\":null,\"content_position\":\"center\",\"background_color_b_stop\":{\"unit\":\"%\",\"size\":60,\"sizes\":[]},\"background_gradient_angle\":{\"unit\":\"deg\",\"size\":225,\"sizes\":[]},\"text_align\":\"left\",\"margin_mobile\":{\"unit\":\"px\",\"top\":\"0\",\"right\":\"0\",\"bottom\":\"0\",\"left\":\"0\",\"isLinked\":true},\"padding\":{\"unit\":\"px\",\"top\":\"100\",\"right\":\"50\",\"bottom\":\"100\",\"left\":\"50\",\"isLinked\":false},\"padding_tablet\":{\"unit\":\"px\",\"top\":\"35\",\"right\":\"35\",\"bottom\":\"30\",\"left\":\"35\",\"isLinked\":false},\"padding_mobile\":{\"unit\":\"px\",\"top\":\"35\",\"right\":\"25\",\"bottom\":\"30\",\"left\":\"25\",\"isLinked\":false},\"z_index\":1,\"__globals__\":{\"background_color\":\"\",\"background_color_b\":\"\",\"border_color\":\"globals\/colors?id=astglobalcolor6\"},\"background_color_b\":\"\",\"border_border\":\"solid\",\"border_width\":{\"unit\":\"px\",\"top\":\"1\",\"right\":\"1\",\"bottom\":\"1\",\"left\":\"1\",\"isLinked\":true}},\"elements\":[{\"id\":\"ac5aba8\",\"elType\":\"widget\",\"settings\":{\"image\":{\"url\":\"\",\"id\":\"\"},\"title_text\":\"Features\",\"description_text\":\"Ut at ante diam. Vestibulum tincidunt lacus quis odio iaculis, nec iaculis ipsum hendrerit. Curabitur nec fringilla sem. Nullam at diam et ligula tincidunt luctus. Ut fringilla vitae orci eget suscipit. Etiam ultricies justo ac feugiat dignissim.\",\"position\":\"left\",\"text_align_mobile\":\"left\",\"title_typography_line_height\":{\"unit\":\"px\",\"size\":\"\",\"sizes\":[]},\"title_typography_word_spacing\":{\"unit\":\"px\",\"size\":\"\",\"sizes\":[]},\"description_typography_line_height\":{\"unit\":\"px\",\"size\":\"\",\"sizes\":[]},\"description_typography_word_spacing\":{\"unit\":\"px\",\"size\":\"\",\"sizes\":[]}},\"elements\":[],\"widgetType\":\"image-box\"},{\"id\":\"3d6cd62\",\"elType\":\"widget\",\"settings\":{\"icon_list\":[{\"text\":\"Etiam eu tortor tempor, malesuada\",\"_id\":\"b303ee0\"},{\"text\":\"Nunc vitae erat sit amet neque varius consequat\",\"_id\":\"441dac2\"},{\"text\":\"Lorem ipsum dolor sit amet\",\"_id\":\"343c99f\"}],\"__globals__\":{\"text_color\":\"globals\/colors?id=astglobalcolor2\",\"text_color_hover\":\"globals\/colors?id=astglobalcolor3\",\"icon_color\":\"globals\/colors?id=astglobalcolor1\",\"icon_color_hover\":\"globals\/colors?id=astglobalcolor1\"},\"icon_typography_line_height\":{\"unit\":\"px\",\"size\":\"\",\"sizes\":[]},\"icon_typography_word_spacing\":{\"unit\":\"px\",\"size\":\"\",\"sizes\":[]}},\"elements\":[],\"widgetType\":\"icon-list\"}],\"isInner\":true}],\"isInner\":true},{\"id\":\"f71a2ec\",\"elType\":\"section\",\"settings\":{\"gap\":\"no\",\"structure\":\"20\",\"__globals__\":{\"background_color\":\"globals\/colors?id=astglobalcolor4\"}},\"elements\":[{\"id\":\"4310011\",\"elType\":\"column\",\"settings\":{\"_column_size\":50,\"_inline_size\":null,\"content_position\":\"center\",\"text_align\":\"left\",\"margin_tablet\":{\"unit\":\"px\",\"top\":\"0\",\"right\":\"0\",\"bottom\":\"0\",\"left\":\"0\",\"isLinked\":true},\"padding\":{\"unit\":\"px\",\"top\":\"100\",\"right\":\"100\",\"bottom\":\"100\",\"left\":\"50\",\"isLinked\":false},\"padding_tablet\":{\"unit\":\"px\",\"top\":\"35\",\"right\":\"35\",\"bottom\":\"35\",\"left\":\"35\",\"isLinked\":false},\"padding_mobile\":{\"unit\":\"px\",\"top\":\"25\",\"right\":\"25\",\"bottom\":\"25\",\"left\":\"25\",\"isLinked\":false},\"__globals__\":{\"background_color\":\"globals\/colors?id=astglobalcolor4\",\"border_color\":\"globals\/colors?id=astglobalcolor6\"},\"border_border\":\"solid\",\"border_width\":{\"unit\":\"px\",\"top\":\"1\",\"right\":\"1\",\"bottom\":\"1\",\"left\":\"1\",\"isLinked\":true}},\"elements\":[{\"id\":\"295ed13\",\"elType\":\"widget\",\"settings\":{\"image\":{\"url\":\"\",\"id\":\"\"},\"title_text\":\"Care Instructions\",\"description_text\":\"Ut at ante diam. Vestibulum tincidunt lacus quis odio iaculis, nec iaculis ipsum hendrerit.\",\"position\":\"left\",\"text_align_mobile\":\"left\",\"title_typography_line_height\":{\"unit\":\"px\",\"size\":\"\",\"sizes\":[]},\"title_typography_word_spacing\":{\"unit\":\"px\",\"size\":\"\",\"sizes\":[]},\"description_typography_line_height\":{\"unit\":\"px\",\"size\":\"\",\"sizes\":[]},\"description_typography_word_spacing\":{\"unit\":\"px\",\"size\":\"\",\"sizes\":[]}},\"elements\":[],\"widgetType\":\"image-box\"},{\"id\":\"527b467\",\"elType\":\"widget\",\"settings\":{\"icon_list\":[{\"text\":\"Etiam eu tortor tempor, malesuada\",\"_id\":\"b303ee0\"},{\"text\":\"Nunc vitae erat sit amet neque varius consequat\",\"_id\":\"441dac2\"},{\"text\":\"Vivamus lobortis posuere ante\",\"_id\":\"dce9555\"},{\"text\":\"Morbi nisi diam, cursus non ultricies\",\"_id\":\"654bd69\"},{\"text\":\"Lorem ipsum dolor sit amet\",\"_id\":\"343c99f\"}],\"__globals__\":{\"text_color\":\"globals\/colors?id=astglobalcolor2\",\"text_color_hover\":\"globals\/colors?id=astglobalcolor3\",\"icon_color\":\"globals\/colors?id=astglobalcolor1\",\"icon_color_hover\":\"globals\/colors?id=astglobalcolor1\"},\"icon_typography_line_height\":{\"unit\":\"px\",\"size\":\"\",\"sizes\":[]},\"icon_typography_word_spacing\":{\"unit\":\"px\",\"size\":\"\",\"sizes\":[]}},\"elements\":[],\"widgetType\":\"icon-list\"}],\"isInner\":true},{\"id\":\"2924b6a\",\"elType\":\"column\",\"settings\":{\"_column_size\":50,\"_inline_size\":null,\"background_background\":\"classic\",\"background_image\":{\"url\":\"https:\/\/websitedemos.net\/furniture-shop-04\/wp-content\/uploads\/sites\/1116\/2022\/07\/bg-02.jpg\",\"id\":442,\"alt\":\"\",\"source\":\"library\"},\"background_position\":\"center center\",\"background_attachment\":\"scroll\",\"background_repeat\":\"no-repeat\",\"background_size\":\"cover\",\"margin_tablet\":{\"unit\":\"px\",\"top\":\"0\",\"right\":\"0\",\"bottom\":\"0\",\"left\":\"0\",\"isLinked\":true}},\"elements\":[{\"id\":\"1ff138c\",\"elType\":\"widget\",\"settings\":{\"space\":{\"unit\":\"px\",\"size\":\"\",\"sizes\":[]},\"space_mobile\":{\"unit\":\"px\",\"size\":250,\"sizes\":[]}},\"elements\":[],\"widgetType\":\"spacer\"}],\"isInner\":true}],\"isInner\":true}],\"isInner\":false}],\"isInner\":false}]"],"_elementor_page_assets":["a:0:{}"],"_yoast_wpseo_estimated-reading-time-minutes":["1"],"_wxr_import_user_slug":["emmanuelm"],"_astra_sites_imported_post":["1"],"_astra_sites_enable_for_batch":["1"],"total_sales":["0"],"_tax_class":[""],"_stock":[null],"_wc_average_rating":["0"],"_wc_review_count":["0"],"_edit_last":["1"],"_sale_price":[""],"_edit_lock":["1757576964:1"],"ast-site-content-layout":["default"],"site-content-style":["default"],"site-sidebar-style":["default"],"stick-header-meta":["default"],"astra-migrate-meta-layouts":["set"],"_uag_css_file_name":["uag-css-248.css"],"iawp_total_views":["3"]},"uagb_featured_image_src":{"full":["https:\/\/www.oem-silicone.com\/wp-content\/uploads\/2025\/09\/cp-11.webp",800,800,false],"thumbnail":["https:\/\/www.oem-silicone.com\/wp-content\/uploads\/2025\/09\/cp-11-150x150.webp",150,150,true],"medium":["https:\/\/www.oem-silicone.com\/wp-content\/uploads\/2025\/09\/cp-11-300x300.webp",300,300,true],"medium_large":["https:\/\/www.oem-silicone.com\/wp-content\/uploads\/2025\/09\/cp-11-768x768.webp",768,768,true],"large":["https:\/\/www.oem-silicone.com\/wp-content\/uploads\/2025\/09\/cp-11.webp",800,800,false],"1536x1536":["https:\/\/www.oem-silicone.com\/wp-content\/uploads\/2025\/09\/cp-11.webp",800,800,false],"2048x2048":["https:\/\/www.oem-silicone.com\/wp-content\/uploads\/2025\/09\/cp-11.webp",800,800,false],"trp-custom-language-flag":["https:\/\/www.oem-silicone.com\/wp-content\/uploads\/2025\/09\/cp-11.webp",12,12,false],"woocommerce_thumbnail":["https:\/\/www.oem-silicone.com\/wp-content\/uploads\/2025\/09\/cp-11-600x600.webp",600,600,true],"woocommerce_single":["https:\/\/www.oem-silicone.com\/wp-content\/uploads\/2025\/09\/cp-11.webp",800,800,false],"woocommerce_gallery_thumbnail":["https:\/\/www.oem-silicone.com\/wp-content\/uploads\/2025\/09\/cp-11-100x100.webp",100,100,true]},"uagb_author_info":{"display_name":"qunhe","author_link":"https:\/\/www.oem-silicone.com\/es\/author\/"},"uagb_comment_info":0,"uagb_excerpt":"\u6211\u4eec\u4e13\u6ce8\u7814\u53d1\u751f\u4ea7\u5404\u7c7b\u7cbe\u5bc6\u5bc6\u5c01O\u578b\u5708\uff0c\u786e\u4fdd\u4ea7\u54c1\u5728\u6781\u7aef\u73af\u5883\u4e0b\u4ecd\u80fd\u4fdd\u6301\u5353\u8d8a\u7684\u9632\u6c34\u3001\u9632\u5c18\u4e0e\u5bc6\u5c01\u6027\u80fd","_links":{"self":[{"href":"https:\/\/www.oem-silicone.com\/es\/wp-json\/wp\/v2\/product\/248","targetHints":{"allow":["GET"]}}],"collection":[{"href":"https:\/\/www.oem-silicone.com\/es\/wp-json\/wp\/v2\/product"}],"about":[{"href":"https:\/\/www.oem-silicone.com\/es\/wp-json\/wp\/v2\/types\/product"}],"wp:featuredmedia":[{"embeddable":true,"href":"https:\/\/www.oem-silicone.com\/es\/wp-json\/wp\/v2\/media\/2037"}],"wp:attachment":[{"href":"https:\/\/www.oem-silicone.com\/es\/wp-json\/wp\/v2\/media?parent=248"}],"wp:term":[{"taxonomy":"product_brand","embeddable":true,"href":"https:\/\/www.oem-silicone.com\/es\/wp-json\/wp\/v2\/product_brand?post=248"},{"taxonomy":"product_cat","embeddable":true,"href":"https:\/\/www.oem-silicone.com\/es\/wp-json\/wp\/v2\/product_cat?post=248"},{"taxonomy":"product_tag","embeddable":true,"href":"https:\/\/www.oem-silicone.com\/es\/wp-json\/wp\/v2\/product_tag?post=248"}],"curies":[{"name":"wp","href":"https:\/\/api.w.org\/{rel}","templated":true}]}}