{"id":2033,"date":"2025-09-11T07:20:53","date_gmt":"2025-09-11T07:20:53","guid":{"rendered":"https:\/\/www.oem-silicone.com\/?post_type=product&#038;p=2033"},"modified":"2025-09-27T03:48:29","modified_gmt":"2025-09-27T03:48:29","slug":"%e6%a9%a1%e8%83%b6%e2%be%af%e8%86%9c%e5%88%b7%e5%a4%b4","status":"publish","type":"product","link":"https:\/\/www.oem-silicone.com\/fr\/product\/tete-de-brosse-faciale-en-caoutchouc\/","title":{"rendered":"T\u00eate de brosse faciale en caoutchouc"},"content":{"rendered":"<pre>- Une protection de pr\u00e9cision, stable et fiable\r\nNous sommes sp\u00e9cialis\u00e9s dans le d\u00e9veloppement et la production de divers types de joints toriques d'\u00e9tanch\u00e9it\u00e9 de pr\u00e9cision afin de garantir que nos produits conservent d'excellentes performances en mati\u00e8re d'\u00e9tanch\u00e9it\u00e9, d'imperm\u00e9abilit\u00e9 \u00e0 la poussi\u00e8re et de scellement dans des environnements extr\u00eames.\r\n\r\n- Plus de 2000 sp\u00e9cifications de moules\r\nNous disposons de plus de 2000 sp\u00e9cifications de moules couvrant le silicone, le caoutchouc, le caoutchouc fluor\u00e9 et d'autres mat\u00e9riaux pour r\u00e9pondre aux besoins diversifi\u00e9s de diff\u00e9rentes industries telles que les montres, les instruments \u00e9lectroniques et les compteurs.\r\n\r\n- Applications dans l'industrie de pr\u00e9cision haut de gamme\r\nLargement utilis\u00e9 dans l'industrie horlog\u00e8re, les instruments \u00e9lectroniques de pr\u00e9cision, les \u00e9quipements m\u00e9dicaux, les syst\u00e8mes de contr\u00f4le industriel et d'autres domaines, chaque joint torique assure la s\u00e9curit\u00e9 et la stabilit\u00e9 des composants cl\u00e9s.\r\n\r\n- S\u00e9lection de mat\u00e9riaux et performances excellentes\r\n- Silicone : r\u00e9sistance aux hautes et basses temp\u00e9ratures, grande flexibilit\u00e9.\r\n- Caoutchouc : co\u00fbt mod\u00e9r\u00e9, large gamme d'adaptabilit\u00e9.\r\n- Fluorocarbone : r\u00e9sistant \u00e0 la corrosion et aux produits chimiques.\r\nFournir les solutions mat\u00e9rielles les plus appropri\u00e9es pour diff\u00e9rents sc\u00e9narios.\r\n\r\n<\/pre>","protected":false},"excerpt":{"rendered":"<p>Nous sommes sp\u00e9cialis\u00e9s dans le d\u00e9veloppement et la production de joints toriques d'\u00e9tanch\u00e9it\u00e9 de pr\u00e9cision afin de garantir que nos produits conservent d'excellentes performances en mati\u00e8re d'\u00e9tanch\u00e9it\u00e9, d'imperm\u00e9abilit\u00e9 \u00e0 la poussi\u00e8re et de scellement dans des environnements extr\u00eames.<\/p>","protected":false},"featured_media":2020,"template":"","meta":{"_seopress_robots_primary_cat":"","_seopress_titles_title":"","_seopress_titles_desc":"","_seopress_robots_index":"","_uag_custom_page_level_css":"","site-sidebar-layout":"default","site-content-layout":"default","ast-site-content-layout":"default","site-content-style":"default","site-sidebar-style":"default","ast-global-header-display":"","ast-banner-title-visibility":"","ast-main-header-display":"","ast-hfb-above-header-display":"","ast-hfb-below-header-display":"","ast-hfb-mobile-header-display":"","site-post-title":"","ast-breadcrumbs-content":"","ast-featured-img":"","footer-sml-layout":"","ast-disable-related-posts":"","theme-transparent-header-meta":"default","adv-header-id-meta":"","stick-header-meta":"default","header-above-stick-meta":"","header-main-stick-meta":"","header-below-stick-meta":"","astra-migrate-meta-layouts":"set","ast-page-background-enabled":"default","ast-page-background-meta":{"desktop":{"background-color":"","background-image":"","background-repeat":"repeat","background-position":"center center","background-size":"auto","background-attachment":"scroll","background-type":"","background-media":"","overlay-type":"","overlay-color":"","overlay-opacity":"","overlay-gradient":""},"tablet":{"background-color":"","background-image":"","background-repeat":"repeat","background-position":"center center","background-size":"auto","background-attachment":"scroll","background-type":"","background-media":"","overlay-type":"","overlay-color":"","overlay-opacity":"","overlay-gradient":""},"mobile":{"background-color":"","background-image":"","background-repeat":"repeat","background-position":"center center","background-size":"auto","background-attachment":"scroll","background-type":"","background-media":"","overlay-type":"","overlay-color":"","overlay-opacity":"","overlay-gradient":""}},"ast-content-background-meta":{"desktop":{"background-color":"var(--ast-global-color-5)","background-image":"","background-repeat":"repeat","background-position":"center center","background-size":"auto","background-attachment":"scroll","background-type":"","background-media":"","overlay-type":"","overlay-color":"","overlay-opacity":"","overlay-gradient":""},"tablet":{"background-color":"var(--ast-global-color-5)","background-image":"","background-repeat":"repeat","background-position":"center center","background-size":"auto","background-attachment":"scroll","background-type":"","background-media":"","overlay-type":"","overlay-color":"","overlay-opacity":"","overlay-gradient":""},"mobile":{"background-color":"var(--ast-global-color-5)","background-image":"","background-repeat":"repeat","background-position":"center center","background-size":"auto","background-attachment":"scroll","background-type":"","background-media":"","overlay-type":"","overlay-color":"","overlay-opacity":"","overlay-gradient":""}},"iawp_total_views":13},"product_brand":[],"product_cat":[54],"product_tag":[],"class_list":{"0":"post-2033","1":"product","2":"type-product","3":"status-publish","4":"has-post-thumbnail","6":"product_cat-rubber-seal","7":"desktop-align-center","8":"tablet-align-center","9":"mobile-align-center","10":"ast-product-gallery-layout-horizontal","11":"ast-product-gallery-with-no-image","12":"ast-product-tabs-layout-horizontal","14":"first","15":"instock","16":"shipping-taxable","17":"product-type-simple"},"spectra_custom_meta":{"total_sales":["0"],"_tax_status":["taxable"],"_tax_class":[""],"_manage_stock":["no"],"_backorders":["no"],"_sold_individually":["no"],"_virtual":["no"],"_downloadable":["no"],"_download_limit":["-1"],"_download_expiry":["-1"],"_thumbnail_id":["2020"],"_stock":[null],"_stock_status":["instock"],"_wc_average_rating":["0"],"_wc_review_count":["0"],"_product_version":["10.1.2"],"_yoast_wpseo_primary_product_cat":["30"],"site-sidebar-layout":["default"],"site-content-layout":["default"],"theme-transparent-header-meta":["default"],"_yoast_wpseo_content_score":["90"],"_elementor_edit_mode":["builder"],"_elementor_template_type":["wp-post"],"_elementor_version":["3.6.8"],"_wp_page_template":["default"],"_elementor_data":["[{\"id\":\"aa63862\",\"elType\":\"section\",\"settings\":{\"gap\":\"no\"},\"elements\":[{\"id\":\"83cac99\",\"elType\":\"column\",\"settings\":{\"_column_size\":100,\"_inline_size\":null},\"elements\":[{\"id\":\"ce3cebc\",\"elType\":\"section\",\"settings\":{\"gap\":\"no\",\"structure\":\"20\",\"__globals__\":{\"background_color\":\"globals\/colors?id=astglobalcolor4\"},\"reverse_order_mobile\":\"reverse-mobile\"},\"elements\":[{\"id\":\"05d54c9\",\"elType\":\"column\",\"settings\":{\"_column_size\":50,\"_inline_size\":null,\"background_background\":\"classic\",\"background_image\":{\"url\":\"https:\/\/websitedemos.net\/furniture-shop-04\/wp-content\/uploads\/sites\/1116\/2022\/07\/bg-04.jpg\",\"id\":605,\"alt\":\"\",\"source\":\"library\"},\"background_position\":\"center center\",\"background_attachment\":\"scroll\",\"background_repeat\":\"no-repeat\",\"background_size\":\"cover\",\"margin_tablet\":{\"unit\":\"px\",\"top\":\"0\",\"right\":\"0\",\"bottom\":\"0\",\"left\":\"0\",\"isLinked\":true},\"z_index\":0},\"elements\":[{\"id\":\"4bec790\",\"elType\":\"widget\",\"settings\":{\"space\":{\"unit\":\"px\",\"size\":\"\",\"sizes\":[]},\"space_mobile\":{\"unit\":\"px\",\"size\":250,\"sizes\":[]}},\"elements\":[],\"widgetType\":\"spacer\"}],\"isInner\":true},{\"id\":\"85fa099\",\"elType\":\"column\",\"settings\":{\"_column_size\":50,\"_inline_size\":null,\"content_position\":\"center\",\"background_color_b_stop\":{\"unit\":\"%\",\"size\":60,\"sizes\":[]},\"background_gradient_angle\":{\"unit\":\"deg\",\"size\":225,\"sizes\":[]},\"text_align\":\"left\",\"margin_mobile\":{\"unit\":\"px\",\"top\":\"0\",\"right\":\"0\",\"bottom\":\"0\",\"left\":\"0\",\"isLinked\":true},\"padding\":{\"unit\":\"px\",\"top\":\"100\",\"right\":\"50\",\"bottom\":\"100\",\"left\":\"50\",\"isLinked\":false},\"padding_tablet\":{\"unit\":\"px\",\"top\":\"35\",\"right\":\"35\",\"bottom\":\"30\",\"left\":\"35\",\"isLinked\":false},\"padding_mobile\":{\"unit\":\"px\",\"top\":\"35\",\"right\":\"25\",\"bottom\":\"30\",\"left\":\"25\",\"isLinked\":false},\"z_index\":1,\"__globals__\":{\"background_color\":\"\",\"background_color_b\":\"\",\"border_color\":\"globals\/colors?id=astglobalcolor6\"},\"background_color_b\":\"\",\"border_border\":\"solid\",\"border_width\":{\"unit\":\"px\",\"top\":\"1\",\"right\":\"1\",\"bottom\":\"1\",\"left\":\"1\",\"isLinked\":true}},\"elements\":[{\"id\":\"6734595\",\"elType\":\"widget\",\"settings\":{\"image\":{\"url\":\"\",\"id\":\"\"},\"title_text\":\"Features\",\"description_text\":\"Ut at ante diam. Vestibulum tincidunt lacus quis odio iaculis, nec iaculis ipsum hendrerit. Curabitur nec fringilla sem. Nullam at diam et ligula tincidunt luctus. Ut fringilla vitae orci eget suscipit. Etiam ultricies justo ac feugiat dignissim.\",\"position\":\"left\",\"text_align_mobile\":\"left\",\"title_typography_line_height\":{\"unit\":\"px\",\"size\":\"\",\"sizes\":[]},\"title_typography_word_spacing\":{\"unit\":\"px\",\"size\":\"\",\"sizes\":[]},\"description_typography_line_height\":{\"unit\":\"px\",\"size\":\"\",\"sizes\":[]},\"description_typography_word_spacing\":{\"unit\":\"px\",\"size\":\"\",\"sizes\":[]}},\"elements\":[],\"widgetType\":\"image-box\"},{\"id\":\"3a8b51b\",\"elType\":\"widget\",\"settings\":{\"icon_list\":[{\"text\":\"Etiam eu tortor tempor, malesuada\",\"_id\":\"b303ee0\"},{\"text\":\"Nunc vitae erat sit amet neque varius consequat\",\"_id\":\"441dac2\"},{\"text\":\"Lorem ipsum dolor sit amet\",\"_id\":\"343c99f\"}],\"__globals__\":{\"text_color\":\"globals\/colors?id=astglobalcolor2\",\"text_color_hover\":\"globals\/colors?id=astglobalcolor3\",\"icon_color\":\"globals\/colors?id=astglobalcolor1\",\"icon_color_hover\":\"globals\/colors?id=astglobalcolor1\"},\"icon_typography_line_height\":{\"unit\":\"px\",\"size\":\"\",\"sizes\":[]},\"icon_typography_word_spacing\":{\"unit\":\"px\",\"size\":\"\",\"sizes\":[]}},\"elements\":[],\"widgetType\":\"icon-list\"}],\"isInner\":true}],\"isInner\":true},{\"id\":\"52aafe1\",\"elType\":\"section\",\"settings\":{\"gap\":\"no\",\"structure\":\"20\",\"__globals__\":{\"background_color\":\"globals\/colors?id=astglobalcolor4\"}},\"elements\":[{\"id\":\"174786f\",\"elType\":\"column\",\"settings\":{\"_column_size\":50,\"_inline_size\":null,\"content_position\":\"center\",\"text_align\":\"left\",\"margin_tablet\":{\"unit\":\"px\",\"top\":\"0\",\"right\":\"0\",\"bottom\":\"0\",\"left\":\"0\",\"isLinked\":true},\"padding\":{\"unit\":\"px\",\"top\":\"100\",\"right\":\"100\",\"bottom\":\"100\",\"left\":\"50\",\"isLinked\":false},\"padding_tablet\":{\"unit\":\"px\",\"top\":\"35\",\"right\":\"35\",\"bottom\":\"35\",\"left\":\"35\",\"isLinked\":false},\"padding_mobile\":{\"unit\":\"px\",\"top\":\"25\",\"right\":\"25\",\"bottom\":\"25\",\"left\":\"25\",\"isLinked\":false},\"__globals__\":{\"background_color\":\"globals\/colors?id=astglobalcolor4\",\"border_color\":\"globals\/colors?id=astglobalcolor6\"},\"border_border\":\"solid\",\"border_width\":{\"unit\":\"px\",\"top\":\"1\",\"right\":\"1\",\"bottom\":\"1\",\"left\":\"1\",\"isLinked\":true}},\"elements\":[{\"id\":\"ec4f6b5\",\"elType\":\"widget\",\"settings\":{\"image\":{\"url\":\"\",\"id\":\"\"},\"title_text\":\"Care Instructions\",\"description_text\":\"Ut at ante diam. Vestibulum tincidunt lacus quis odio iaculis, nec iaculis ipsum hendrerit.\",\"position\":\"left\",\"text_align_mobile\":\"left\",\"title_typography_line_height\":{\"unit\":\"px\",\"size\":\"\",\"sizes\":[]},\"title_typography_word_spacing\":{\"unit\":\"px\",\"size\":\"\",\"sizes\":[]},\"description_typography_line_height\":{\"unit\":\"px\",\"size\":\"\",\"sizes\":[]},\"description_typography_word_spacing\":{\"unit\":\"px\",\"size\":\"\",\"sizes\":[]}},\"elements\":[],\"widgetType\":\"image-box\"},{\"id\":\"174ed5d\",\"elType\":\"widget\",\"settings\":{\"icon_list\":[{\"text\":\"Etiam eu tortor tempor, malesuada\",\"_id\":\"b303ee0\"},{\"text\":\"Nunc vitae erat sit amet neque varius consequat\",\"_id\":\"441dac2\"},{\"text\":\"Vivamus lobortis posuere ante\",\"_id\":\"dce9555\"},{\"text\":\"Morbi nisi diam, cursus non ultricies\",\"_id\":\"654bd69\"},{\"text\":\"Lorem ipsum dolor sit amet\",\"_id\":\"343c99f\"}],\"__globals__\":{\"text_color\":\"globals\/colors?id=astglobalcolor2\",\"text_color_hover\":\"globals\/colors?id=astglobalcolor3\",\"icon_color\":\"globals\/colors?id=astglobalcolor1\",\"icon_color_hover\":\"globals\/colors?id=astglobalcolor1\"},\"icon_typography_line_height\":{\"unit\":\"px\",\"size\":\"\",\"sizes\":[]},\"icon_typography_word_spacing\":{\"unit\":\"px\",\"size\":\"\",\"sizes\":[]}},\"elements\":[],\"widgetType\":\"icon-list\"}],\"isInner\":true},{\"id\":\"bbef2e8\",\"elType\":\"column\",\"settings\":{\"_column_size\":50,\"_inline_size\":null,\"background_background\":\"classic\",\"background_image\":{\"url\":\"https:\/\/websitedemos.net\/furniture-shop-04\/wp-content\/uploads\/sites\/1116\/2022\/07\/bg-02.jpg\",\"id\":442,\"alt\":\"\",\"source\":\"library\"},\"background_position\":\"center center\",\"background_attachment\":\"scroll\",\"background_repeat\":\"no-repeat\",\"background_size\":\"cover\",\"margin_tablet\":{\"unit\":\"px\",\"top\":\"0\",\"right\":\"0\",\"bottom\":\"0\",\"left\":\"0\",\"isLinked\":true}},\"elements\":[{\"id\":\"1a3f696\",\"elType\":\"widget\",\"settings\":{\"space\":{\"unit\":\"px\",\"size\":\"\",\"sizes\":[]},\"space_mobile\":{\"unit\":\"px\",\"size\":250,\"sizes\":[]}},\"elements\":[],\"widgetType\":\"spacer\"}],\"isInner\":true}],\"isInner\":true}],\"isInner\":false}],\"isInner\":false}]"],"_elementor_page_assets":["a:0:{}"],"_yoast_wpseo_estimated-reading-time-minutes":["1"],"_wxr_import_user_slug":["emmanuelm"],"_astra_sites_imported_post":["1"],"_astra_sites_enable_for_batch":["1"],"ast-site-content-layout":["default"],"site-content-style":["default"],"site-sidebar-style":["default"],"stick-header-meta":["default"],"_edit_lock":["1758944909:1"],"_edit_last":["1"],"_wp_old_slug":["%e7%a1%85%e8%83%b6%e5%a1%9eusb%e9%98%b2%e6%b0%b4%e5%a1%9e-%e5%a4%8d%e5%88%b6","%e7%a1%85%e8%83%b6%e2%be%af%e8%86%9c%e5%88%b7%e5%a4%b4"],"astra-migrate-meta-layouts":["set"],"iawp_total_views":["13"],"_uag_css_file_name":["uag-css-2033.css"]},"uagb_featured_image_src":{"full":["https:\/\/www.oem-silicone.com\/wp-content\/uploads\/2025\/09\/cp-9.webp",800,800,false],"thumbnail":["https:\/\/www.oem-silicone.com\/wp-content\/uploads\/2025\/09\/cp-9-150x150.webp",150,150,true],"medium":["https:\/\/www.oem-silicone.com\/wp-content\/uploads\/2025\/09\/cp-9-300x300.webp",300,300,true],"medium_large":["https:\/\/www.oem-silicone.com\/wp-content\/uploads\/2025\/09\/cp-9-768x768.webp",768,768,true],"large":["https:\/\/www.oem-silicone.com\/wp-content\/uploads\/2025\/09\/cp-9.webp",800,800,false],"1536x1536":["https:\/\/www.oem-silicone.com\/wp-content\/uploads\/2025\/09\/cp-9.webp",800,800,false],"2048x2048":["https:\/\/www.oem-silicone.com\/wp-content\/uploads\/2025\/09\/cp-9.webp",800,800,false],"trp-custom-language-flag":["https:\/\/www.oem-silicone.com\/wp-content\/uploads\/2025\/09\/cp-9.webp",12,12,false],"woocommerce_thumbnail":["https:\/\/www.oem-silicone.com\/wp-content\/uploads\/2025\/09\/cp-9-600x600.webp",600,600,true],"woocommerce_single":["https:\/\/www.oem-silicone.com\/wp-content\/uploads\/2025\/09\/cp-9.webp",800,800,false],"woocommerce_gallery_thumbnail":["https:\/\/www.oem-silicone.com\/wp-content\/uploads\/2025\/09\/cp-9-100x100.webp",100,100,true]},"uagb_author_info":{"display_name":"qunhe","author_link":"https:\/\/www.oem-silicone.com\/fr\/author\/"},"uagb_comment_info":0,"uagb_excerpt":"\u6211\u4eec\u4e13\u6ce8\u7814\u53d1\u751f\u4ea7\u5404\u7c7b\u7cbe\u5bc6\u5bc6\u5c01O\u578b\u5708\uff0c\u786e\u4fdd\u4ea7\u54c1\u5728\u6781\u7aef\u73af\u5883\u4e0b\u4ecd\u80fd\u4fdd\u6301\u5353\u8d8a\u7684\u9632\u6c34\u3001\u9632\u5c18\u4e0e\u5bc6\u5c01\u6027\u80fd","_links":{"self":[{"href":"https:\/\/www.oem-silicone.com\/fr\/wp-json\/wp\/v2\/product\/2033","targetHints":{"allow":["GET"]}}],"collection":[{"href":"https:\/\/www.oem-silicone.com\/fr\/wp-json\/wp\/v2\/product"}],"about":[{"href":"https:\/\/www.oem-silicone.com\/fr\/wp-json\/wp\/v2\/types\/product"}],"wp:featuredmedia":[{"embeddable":true,"href":"https:\/\/www.oem-silicone.com\/fr\/wp-json\/wp\/v2\/media\/2020"}],"wp:attachment":[{"href":"https:\/\/www.oem-silicone.com\/fr\/wp-json\/wp\/v2\/media?parent=2033"}],"wp:term":[{"taxonomy":"product_brand","embeddable":true,"href":"https:\/\/www.oem-silicone.com\/fr\/wp-json\/wp\/v2\/product_brand?post=2033"},{"taxonomy":"product_cat","embeddable":true,"href":"https:\/\/www.oem-silicone.com\/fr\/wp-json\/wp\/v2\/product_cat?post=2033"},{"taxonomy":"product_tag","embeddable":true,"href":"https:\/\/www.oem-silicone.com\/fr\/wp-json\/wp\/v2\/product_tag?post=2033"}],"curies":[{"name":"wp","href":"https:\/\/api.w.org\/{rel}","templated":true}]}}